{"id":10621,"date":"2025-09-07T21:37:02","date_gmt":"2025-09-07T19:37:02","guid":{"rendered":"https:\/\/www.luxinarte.com\/?page_id=10621"},"modified":"2025-09-07T21:37:02","modified_gmt":"2025-09-07T19:37:02","slug":"fleurs","status":"publish","type":"page","link":"https:\/\/www.luxinarte.com\/?page_id=10621","title":{"rendered":"Fleurs"},"content":{"rendered":"<div class=\"wpb-content-wrapper\"><p>[vc_row][vc_column][vc_column_text css_animation=&#8221;bounceIn&#8221; css=&#8221;&#8221; woodmart_inline=&#8221;no&#8221; text_larger=&#8221;no&#8221;]<\/p>\n<p data-start=\"168\" data-end=\"210\"><strong data-start=\"168\" data-end=\"208\">Daniel Trammer \u2013 Les Marines<\/strong><\/p>\n<p data-start=\"212\" data-end=\"516\">Daniel Trammer, ma\u00eetre de la lumi\u00e8re et du mouvement, transforme la toile en oc\u00e9an vivant. Ses Marines ne sont pas de simples paysages : elles respirent le vent, le sel et le fracas des vagues. Chaque nuance de bleu, chaque \u00e9clat d\u2019\u00e9cume t\u00e9moigne d\u2019une observation passionn\u00e9e et d\u2019une sensibilit\u00e9 rare.<\/p>\n<p data-start=\"518\" data-end=\"823\">L\u2019artiste capte l\u2019instant fugace o\u00f9 le soleil caresse l\u2019eau, o\u00f9 les nuages s\u2019\u00e9tirent comme des po\u00e8mes dans le ciel. Ses Marines sont un dialogue entre la force brute de la nature et la s\u00e9r\u00e9nit\u00e9 de l\u2019\u00e2me, un voyage immobile qui invite le spectateur \u00e0 sentir le murmure des flots et la puissance du large.<\/p>\n<p data-start=\"825\" data-end=\"1060\">Dans ses \u0153uvres, la mer devient muse et confident, et Daniel Trammer, par son geste s\u00fbr et po\u00e9tique, en r\u00e9v\u00e8le toute la majest\u00e9 et la fragilit\u00e9. Les Marines ne sont pas seulement vues : elles sont ressenties, vibrantes et \u00e9ternelles.<\/p>\n<p>[\/vc_column_text][\/vc_column][\/vc_row][vc_row css=&#8221;.vc_custom_1628251370857{margin-bottom: 80px !important;}&#8221; woodmart_css_id=&#8221;610d24e5d640a&#8221; responsive_spacing=&#8221;eyJwYXJhbV90eXBlIjoid29vZG1hcnRfcmVzcG9uc2l2ZV9zcGFjaW5nIiwic2VsZWN0b3JfaWQiOiI2MTBkMjRlNWQ2NDBhIiwic2hvcnRjb2RlIjoidmNfcm93IiwiZGF0YSI6eyJ0YWJsZXQiOnt9LCJtb2JpbGUiOnsibWFyZ2luLWJvdHRvbSI6IjcwIn19fQ==&#8221; mobile_bg_img_hidden=&#8221;no&#8221; tablet_bg_img_hidden=&#8221;no&#8221; woodmart_parallax=&#8221;0&#8243; woodmart_gradient_switch=&#8221;no&#8221; row_reverse_mobile=&#8221;0&#8243; row_reverse_tablet=&#8221;0&#8243; woodmart_disable_overflow=&#8221;0&#8243;][vc_column]\n\t\t<div id=\"wd-68bddc68c49e1\" class=\"title-wrapper wd-wpb wd-set-mb reset-last-child  wd-rs-68bddc68c49e1 wd-title-color-primary wd-title-style-default text-center  wd-underline-colored\">\n\t\t\t\t\t\t\t\n\t\t\t\t<div class=\"title-subtitle  subtitle-color-primary font-alt subtitle-style-default wd-font-weight- wd-fontsize-xs\">Mon Travail <\/div>\n\t\t\t\n\t\t\t<div class=\"liner-continer\">\n\t\t\t\t<h4 class=\"woodmart-title-container title  wd-font-weight-400 wd-fontsize-l\" >Galerie de Marines<\/h4>\n\t\t\t\t\t\t\t<\/div>\n\t\t\t\n\t\t\t\t\t\t\t<div class=\"title-after_title reset-last-child  wd-fontsize-xs\">Et mon parcours ...<\/div>\n\t\t\t\n\t\t\t\n\t\t<\/div>\n\t\t\n\t\t\t\t<div id=\"gallery_412\" class=\"wd-images-gallery wd-wpb wd-rs-68bddc8f02f09 wd-off-anim wpb_animate_when_almost_visible wpb_fadeIn fadeIn wd-anim-name_fadeIn photoswipe-images\" style=\"--wd-justify-content:center;--wd-align-items:center;\">\n\t\t\t\n\t\t\t<div class=\" wd-grid-f-col wd-masonry\" style=\"--wd-col-lg:3;--wd-col-md:3;--wd-col-sm:1;--wd-gap-lg:6px;\">\n\t\t\t\t\n\t\t\t\t\t\t\t\t\t\t\t\t\t\t\t<div class=\"wd-gallery-item wd-col\">\n\t\t\t\t\t\t\t\t\t\t\t\t\t\t<a href=\"https:\/\/www.luxinarte.com\/wp-content\/uploads\/2025\/09\/403-Le-debarquement-en-mer-agitee-70x50-Cm-Daniel-Trammer-art-Made-in-Belgium-2.png\" data-elementor-open-lightbox=\"no\" data-index=\"1\" data-width=\"1100\" data-height=\"844\" \n\t\t\t\t\t\t\t\t\t\t\t\t \t\t\t\t\t\t\t\ttitle=\"403-Le-debarquement-en-mer-agitee-70x50-Cm-Daniel-Trammer-art-Made-in-Belgium-2.png\">\n\t\t\t\t\t\t\t\t\n\t\t\t\t\t\t\t\t<img loading=\"lazy\" decoding=\"async\" width=\"1100\" height=\"844\" src=\"https:\/\/www.luxinarte.com\/wp-content\/uploads\/2025\/09\/403-Le-debarquement-en-mer-agitee-70x50-Cm-Daniel-Trammer-art-Made-in-Belgium-2.png\" class=\"wd-gallery-image image-1\" alt=\"\" srcset=\"https:\/\/www.luxinarte.com\/wp-content\/uploads\/2025\/09\/403-Le-debarquement-en-mer-agitee-70x50-Cm-Daniel-Trammer-art-Made-in-Belgium-2.png 1100w, https:\/\/www.luxinarte.com\/wp-content\/uploads\/2025\/09\/403-Le-debarquement-en-mer-agitee-70x50-Cm-Daniel-Trammer-art-Made-in-Belgium-2-430x330.png 430w, https:\/\/www.luxinarte.com\/wp-content\/uploads\/2025\/09\/403-Le-debarquement-en-mer-agitee-70x50-Cm-Daniel-Trammer-art-Made-in-Belgium-2-150x115.png 150w, https:\/\/www.luxinarte.com\/wp-content\/uploads\/2025\/09\/403-Le-debarquement-en-mer-agitee-70x50-Cm-Daniel-Trammer-art-Made-in-Belgium-2-700x537.png 700w, https:\/\/www.luxinarte.com\/wp-content\/uploads\/2025\/09\/403-Le-debarquement-en-mer-agitee-70x50-Cm-Daniel-Trammer-art-Made-in-Belgium-2-300x230.png 300w, https:\/\/www.luxinarte.com\/wp-content\/uploads\/2025\/09\/403-Le-debarquement-en-mer-agitee-70x50-Cm-Daniel-Trammer-art-Made-in-Belgium-2-1024x786.png 1024w, https:\/\/www.luxinarte.com\/wp-content\/uploads\/2025\/09\/403-Le-debarquement-en-mer-agitee-70x50-Cm-Daniel-Trammer-art-Made-in-Belgium-2-768x589.png 768w\" sizes=\"auto, (max-width: 1100px) 100vw, 1100px\" \/>\n\t\t\t\t\t\t\t\t\t\t\t\t\t\t\t<\/a>\n\t\t\t\t\t\t\t\t\t\t\t\t<\/div>\n\t\t\t\t\t\t\t\t\t\t\t<div class=\"wd-gallery-item wd-col\">\n\t\t\t\t\t\t\t\t\t\t\t\t\t\t<a href=\"https:\/\/www.luxinarte.com\/wp-content\/uploads\/2025\/09\/196-Le-grand-canal-Venise-oeuvre-de-Daniel-Trammer-2.png\" data-elementor-open-lightbox=\"no\" data-index=\"2\" data-width=\"900\" data-height=\"641\" \n\t\t\t\t\t\t\t\t\t\t\t\t \t\t\t\t\t\t\t\ttitle=\"196-Le-grand-canal-Venise-oeuvre-de-Daniel-Trammer-2.png\">\n\t\t\t\t\t\t\t\t\n\t\t\t\t\t\t\t\t<img loading=\"lazy\" decoding=\"async\" width=\"900\" height=\"641\" src=\"https:\/\/www.luxinarte.com\/wp-content\/uploads\/2025\/09\/196-Le-grand-canal-Venise-oeuvre-de-Daniel-Trammer-2.png\" class=\"wd-gallery-image image-2\" alt=\"\" srcset=\"https:\/\/www.luxinarte.com\/wp-content\/uploads\/2025\/09\/196-Le-grand-canal-Venise-oeuvre-de-Daniel-Trammer-2.png 900w, https:\/\/www.luxinarte.com\/wp-content\/uploads\/2025\/09\/196-Le-grand-canal-Venise-oeuvre-de-Daniel-Trammer-2-430x306.png 430w, https:\/\/www.luxinarte.com\/wp-content\/uploads\/2025\/09\/196-Le-grand-canal-Venise-oeuvre-de-Daniel-Trammer-2-150x107.png 150w, https:\/\/www.luxinarte.com\/wp-content\/uploads\/2025\/09\/196-Le-grand-canal-Venise-oeuvre-de-Daniel-Trammer-2-700x499.png 700w, https:\/\/www.luxinarte.com\/wp-content\/uploads\/2025\/09\/196-Le-grand-canal-Venise-oeuvre-de-Daniel-Trammer-2-300x214.png 300w, https:\/\/www.luxinarte.com\/wp-content\/uploads\/2025\/09\/196-Le-grand-canal-Venise-oeuvre-de-Daniel-Trammer-2-768x547.png 768w\" sizes=\"auto, (max-width: 900px) 100vw, 900px\" \/>\n\t\t\t\t\t\t\t\t\t\t\t\t\t\t\t<\/a>\n\t\t\t\t\t\t\t\t\t\t\t\t<\/div>\n\t\t\t\t\t\t\t\t\t\t\t<div class=\"wd-gallery-item wd-col\">\n\t\t\t\t\t\t\t\t\t\t\t\t\t\t<a href=\"https:\/\/www.luxinarte.com\/wp-content\/uploads\/2025\/09\/139-Marine-mer-agitee-en-peche-oeuvre-de-Daniel-Trammer-2-1.png\" data-elementor-open-lightbox=\"no\" data-index=\"3\" data-width=\"950\" data-height=\"601\" \n\t\t\t\t\t\t\t\t\t\t\t\t \t\t\t\t\t\t\t\ttitle=\"139-Marine-mer-agitee-en-peche-oeuvre-de-Daniel-Trammer-2-1.png\">\n\t\t\t\t\t\t\t\t\n\t\t\t\t\t\t\t\t<img loading=\"lazy\" decoding=\"async\" width=\"950\" height=\"601\" src=\"https:\/\/www.luxinarte.com\/wp-content\/uploads\/2025\/09\/139-Marine-mer-agitee-en-peche-oeuvre-de-Daniel-Trammer-2-1.png\" class=\"wd-gallery-image image-3\" alt=\"\" srcset=\"https:\/\/www.luxinarte.com\/wp-content\/uploads\/2025\/09\/139-Marine-mer-agitee-en-peche-oeuvre-de-Daniel-Trammer-2-1.png 950w, https:\/\/www.luxinarte.com\/wp-content\/uploads\/2025\/09\/139-Marine-mer-agitee-en-peche-oeuvre-de-Daniel-Trammer-2-1-430x272.png 430w, https:\/\/www.luxinarte.com\/wp-content\/uploads\/2025\/09\/139-Marine-mer-agitee-en-peche-oeuvre-de-Daniel-Trammer-2-1-150x95.png 150w, https:\/\/www.luxinarte.com\/wp-content\/uploads\/2025\/09\/139-Marine-mer-agitee-en-peche-oeuvre-de-Daniel-Trammer-2-1-700x443.png 700w, https:\/\/www.luxinarte.com\/wp-content\/uploads\/2025\/09\/139-Marine-mer-agitee-en-peche-oeuvre-de-Daniel-Trammer-2-1-300x190.png 300w, https:\/\/www.luxinarte.com\/wp-content\/uploads\/2025\/09\/139-Marine-mer-agitee-en-peche-oeuvre-de-Daniel-Trammer-2-1-768x486.png 768w\" sizes=\"auto, (max-width: 950px) 100vw, 950px\" \/>\n\t\t\t\t\t\t\t\t\t\t\t\t\t\t\t<\/a>\n\t\t\t\t\t\t\t\t\t\t\t\t<\/div>\n\t\t\t\t\t\t\t\t\t\t\t<div class=\"wd-gallery-item wd-col\">\n\t\t\t\t\t\t\t\t\t\t\t\t\t\t<a href=\"https:\/\/www.luxinarte.com\/wp-content\/uploads\/2025\/09\/46-le-grand-port-oeuvre-de-daniel-trammer-2-1.png\" data-elementor-open-lightbox=\"no\" data-index=\"4\" data-width=\"896\" data-height=\"553\" \n\t\t\t\t\t\t\t\t\t\t\t\t \t\t\t\t\t\t\t\ttitle=\"46-le-grand-port-oeuvre-de-daniel-trammer-2-1.png\">\n\t\t\t\t\t\t\t\t\n\t\t\t\t\t\t\t\t<img loading=\"lazy\" decoding=\"async\" width=\"896\" height=\"553\" src=\"https:\/\/www.luxinarte.com\/wp-content\/uploads\/2025\/09\/46-le-grand-port-oeuvre-de-daniel-trammer-2-1.png\" class=\"wd-gallery-image image-4\" alt=\"\" srcset=\"https:\/\/www.luxinarte.com\/wp-content\/uploads\/2025\/09\/46-le-grand-port-oeuvre-de-daniel-trammer-2-1.png 896w, https:\/\/www.luxinarte.com\/wp-content\/uploads\/2025\/09\/46-le-grand-port-oeuvre-de-daniel-trammer-2-1-430x265.png 430w, https:\/\/www.luxinarte.com\/wp-content\/uploads\/2025\/09\/46-le-grand-port-oeuvre-de-daniel-trammer-2-1-150x93.png 150w, https:\/\/www.luxinarte.com\/wp-content\/uploads\/2025\/09\/46-le-grand-port-oeuvre-de-daniel-trammer-2-1-700x432.png 700w, https:\/\/www.luxinarte.com\/wp-content\/uploads\/2025\/09\/46-le-grand-port-oeuvre-de-daniel-trammer-2-1-300x185.png 300w, https:\/\/www.luxinarte.com\/wp-content\/uploads\/2025\/09\/46-le-grand-port-oeuvre-de-daniel-trammer-2-1-768x474.png 768w\" sizes=\"auto, (max-width: 896px) 100vw, 896px\" \/>\n\t\t\t\t\t\t\t\t\t\t\t\t\t\t\t<\/a>\n\t\t\t\t\t\t\t\t\t\t\t\t<\/div>\n\t\t\t\t\t\t\t\t\t\t\t<div class=\"wd-gallery-item wd-col\">\n\t\t\t\t\t\t\t\t\t\t\t\t\t\t<a href=\"https:\/\/www.luxinarte.com\/wp-content\/uploads\/2025\/09\/49-Marine-mer-du-nord-oeuvre-de-Daniel-Trammer-2-1.png\" data-elementor-open-lightbox=\"no\" data-index=\"5\" data-width=\"900\" data-height=\"900\" \n\t\t\t\t\t\t\t\t\t\t\t\t \t\t\t\t\t\t\t\ttitle=\"49-Marine-mer-du-nord-oeuvre-de-Daniel-Trammer-2-1.png\">\n\t\t\t\t\t\t\t\t\n\t\t\t\t\t\t\t\t<img loading=\"lazy\" decoding=\"async\" width=\"900\" height=\"900\" src=\"https:\/\/www.luxinarte.com\/wp-content\/uploads\/2025\/09\/49-Marine-mer-du-nord-oeuvre-de-Daniel-Trammer-2-1.png\" class=\"wd-gallery-image image-5\" alt=\"\" srcset=\"https:\/\/www.luxinarte.com\/wp-content\/uploads\/2025\/09\/49-Marine-mer-du-nord-oeuvre-de-Daniel-Trammer-2-1.png 900w, https:\/\/www.luxinarte.com\/wp-content\/uploads\/2025\/09\/49-Marine-mer-du-nord-oeuvre-de-Daniel-Trammer-2-1-430x430.png 430w, https:\/\/www.luxinarte.com\/wp-content\/uploads\/2025\/09\/49-Marine-mer-du-nord-oeuvre-de-Daniel-Trammer-2-1-150x150.png 150w, https:\/\/www.luxinarte.com\/wp-content\/uploads\/2025\/09\/49-Marine-mer-du-nord-oeuvre-de-Daniel-Trammer-2-1-700x700.png 700w, https:\/\/www.luxinarte.com\/wp-content\/uploads\/2025\/09\/49-Marine-mer-du-nord-oeuvre-de-Daniel-Trammer-2-1-300x300.png 300w, https:\/\/www.luxinarte.com\/wp-content\/uploads\/2025\/09\/49-Marine-mer-du-nord-oeuvre-de-Daniel-Trammer-2-1-768x768.png 768w, https:\/\/www.luxinarte.com\/wp-content\/uploads\/2025\/09\/49-Marine-mer-du-nord-oeuvre-de-Daniel-Trammer-2-1-65x65.png 65w\" sizes=\"auto, (max-width: 900px) 100vw, 900px\" \/>\n\t\t\t\t\t\t\t\t\t\t\t\t\t\t\t<\/a>\n\t\t\t\t\t\t\t\t\t\t\t\t<\/div>\n\t\t\t\t\t\t\t\t\t\n\t\t\t\t\t\t\t<\/div>\n\n\t\t\t\t\t<\/div>\n\t\t[\/vc_column][\/vc_row]<\/p>\n<\/div>","protected":false},"excerpt":{"rendered":"<p>[vc_row][vc_column][vc_column_text css_animation=&#8221;bounceIn&#8221; css=&#8221;&#8221; woodmart_inline=&#8221;no&#8221; text_larger=&#8221;no&#8221;] Daniel Trammer \u2013 Les Marines Daniel Trammer, ma\u00eetre de la lumi\u00e8re et du mouvement, transforme<\/p>\n","protected":false},"author":1,"featured_media":0,"parent":0,"menu_order":0,"comment_status":"closed","ping_status":"closed","template":"","meta":{"content-type":"","footnotes":""},"class_list":["post-10621","page","type-page","status-publish","hentry"],"_links":{"self":[{"href":"https:\/\/www.luxinarte.com\/index.php?rest_route=\/wp\/v2\/pages\/10621","targetHints":{"allow":["GET"]}}],"collection":[{"href":"https:\/\/www.luxinarte.com\/index.php?rest_route=\/wp\/v2\/pages"}],"about":[{"href":"https:\/\/www.luxinarte.com\/index.php?rest_route=\/wp\/v2\/types\/page"}],"author":[{"embeddable":true,"href":"https:\/\/www.luxinarte.com\/index.php?rest_route=\/wp\/v2\/users\/1"}],"replies":[{"embeddable":true,"href":"https:\/\/www.luxinarte.com\/index.php?rest_route=%2Fwp%2Fv2%2Fcomments&post=10621"}],"version-history":[{"count":0,"href":"https:\/\/www.luxinarte.com\/index.php?rest_route=\/wp\/v2\/pages\/10621\/revisions"}],"wp:attachment":[{"href":"https:\/\/www.luxinarte.com\/index.php?rest_route=%2Fwp%2Fv2%2Fmedia&parent=10621"}],"curies":[{"name":"wp","href":"https:\/\/api.w.org\/{rel}","templated":true}]}}