{"id":211,"date":"2025-09-06T17:18:56","date_gmt":"2025-09-06T15:18:56","guid":{"rendered":"https:\/\/www.luxinarte.com\/?post_type=product&#038;p=211"},"modified":"2025-10-27T20:51:07","modified_gmt":"2025-10-27T19:51:07","slug":"essence-de-femmes","status":"publish","type":"product","link":"https:\/\/www.luxinarte.com\/?product=essence-de-femmes","title":{"rendered":"Essence de femmes"},"content":{"rendered":"<p><!--?xml version=\"1.0\" encoding=\"UTF-8\" ?--><\/p>\n<div id=\"tab-container1\" class=\"tab-container1\">\n<ul class=\"etabs\">\n<li class=\"tab\" style=\"text-align: center;\"><a href=\"#tabs1-About\">Biographie<\/a><\/li>\n<\/ul>\n<div class=\"panel-container\">\n<div id=\"tabs1-About\">\n<p style=\"text-align: center;\" align=\"center\">Apr\u00e8s avoir obtenu mon dipl\u00f4me d&#8217;artiste peintre aux Beaux-Arts de Mons en Belgique en 1987, j&#8221;ai pr\u00e9f\u00e9r\u00e9 m&#8217;orienter vers le dessin, les techniques mixtes, le graphisme et enfin la photo et les compositions num\u00e9riques. Des expositions, des concours, des commandes, des cadeaux; autant d&#8217;occasions de me r\u00e9galer avec les formes et les couleurs.Aujourd&#8217;hui je ressors les pinceaux mariant l&#8217;abstrait au figuratif au service de l&#8217;expression des \u00e9motions. &#8211;<\/p>\n<div align=\"center\"><span style=\"color: #f5a623;\">Ce qui justifie aussi le d\u00e9lais d&#8217;attente et de livraison est le temps de s\u00e9chage des toiles et des pigments +\/- 3 semaines<\/span><\/p>\n<p style=\"text-align: center;\">Mon parcours<\/p>\n<p style=\"text-align: center;\">Florence Tyrant <br \/>\nMes sources d&#8217;inspiration sont tant la musique, les relations humaines que la nature sous toutes les formes dans lesquelles elle se d\u00e9cline. Mon but est de transmettre les ambiances et les pens\u00e9es qui me captivent tout en laissant le regard des autres les traduire \u00e0 sa fa\u00e7on et y imprimer ce qu&#8217;il d\u00e9sire. Jeux de formes et de couleurs, sc\u00e8nes symboliques ou surr\u00e9alistes laissant la part belle \u00e0 l&#8217;imaginaire, le mien qui propose et celui des autres qui dispose et se raconte l&#8217;histoire, tel est le travail qui m&#8217;occupe et que j&#8217;expose sur ce site. .<\/p>\n<div style=\"text-align: center;\" align=\"center\"><img loading=\"lazy\" decoding=\"async\" class=\" size-full wp-image-15305\" src=\"https:\/\/www.arteflo.be\/wp-content\/uploads\/2017\/04\/barre.png\" width=\"101\" height=\"30\" \/><\/div>\n<div style=\"text-align: center;\" align=\"center\">\n<p>Inscrit dans le dictionnaire des artistes Drouot Cotation<\/p>\n<\/div>\n<p style=\"text-align: center;\">\u00a0<\/p>\n<\/div>\n<\/div>\n<\/div>\n<\/div>\n","protected":false},"excerpt":{"rendered":"<p><!--?xml version=\"1.0\" encoding=\"UTF-8\" ?--><\/p>\n<p><em>Peinture \u00e0 l&#8217;huile sur toile, 50&#215;60 cm.\u00a0<\/em><\/p>\n<p><em>le corps d&#8217;une femme presque en position<\/em><\/p>\n<p><em>foetale souligne l&#8217;id\u00e9e de gen\u00e8se de la nature f\u00e9minine et se fond <\/em><\/p>\n<p><em>avec le d\u00e9cor abstrait qui mixe les \u00e9l\u00e9ments naturels, tels que la terre <\/em><\/p>\n<p><em>et l&#8217;eau avec des \u00e9l\u00e9ments floraux, d\u00e9finissant ainsi la beaut\u00e9<\/em><\/p>\n<p><em> fragile et la nature terrestre source de vie de la femme.<\/em><\/p>\n<p>&nbsp;<\/p>\n","protected":false},"featured_media":287,"comment_status":"open","ping_status":"closed","template":"","meta":{"content-type":""},"product_brand":[],"product_cat":[34],"product_tag":[93],"class_list":{"0":"post-211","1":"product","2":"type-product","3":"status-publish","4":"has-post-thumbnail","6":"product_cat-florence-tyrant","7":"product_tag-vendu","9":"first","10":"outofstock","11":"shipping-taxable","12":"purchasable","13":"product-type-simple"},"_links":{"self":[{"href":"https:\/\/www.luxinarte.com\/index.php?rest_route=\/wp\/v2\/product\/211","targetHints":{"allow":["GET"]}}],"collection":[{"href":"https:\/\/www.luxinarte.com\/index.php?rest_route=\/wp\/v2\/product"}],"about":[{"href":"https:\/\/www.luxinarte.com\/index.php?rest_route=\/wp\/v2\/types\/product"}],"replies":[{"embeddable":true,"href":"https:\/\/www.luxinarte.com\/index.php?rest_route=%2Fwp%2Fv2%2Fcomments&post=211"}],"wp:featuredmedia":[{"embeddable":true,"href":"https:\/\/www.luxinarte.com\/index.php?rest_route=\/wp\/v2\/media\/287"}],"wp:attachment":[{"href":"https:\/\/www.luxinarte.com\/index.php?rest_route=%2Fwp%2Fv2%2Fmedia&parent=211"}],"wp:term":[{"taxonomy":"product_brand","embeddable":true,"href":"https:\/\/www.luxinarte.com\/index.php?rest_route=%2Fwp%2Fv2%2Fproduct_brand&post=211"},{"taxonomy":"product_cat","embeddable":true,"href":"https:\/\/www.luxinarte.com\/index.php?rest_route=%2Fwp%2Fv2%2Fproduct_cat&post=211"},{"taxonomy":"product_tag","embeddable":true,"href":"https:\/\/www.luxinarte.com\/index.php?rest_route=%2Fwp%2Fv2%2Fproduct_tag&post=211"}],"curies":[{"name":"wp","href":"https:\/\/api.w.org\/{rel}","templated":true}]}}