{"id":99,"date":"2025-09-06T17:16:41","date_gmt":"2025-09-06T15:16:41","guid":{"rendered":"https:\/\/www.luxinarte.com\/?post_type=product&#038;p=99"},"modified":"2025-11-01T18:01:46","modified_gmt":"2025-11-01T17:01:46","slug":"bouquet-et-violon-70-x-50-cm","status":"publish","type":"product","link":"https:\/\/www.luxinarte.com\/?product=bouquet-et-violon-70-x-50-cm","title":{"rendered":"Bouquet et violon 70 x 50 cm"},"content":{"rendered":"<div class=\"wpb-content-wrapper\"><p>[vc_row][vc_column][vc_column_text]<\/p>\n<p style=\"text-align: center;\">Biographie :<br \/>\nDaniel Trammer Artiste Peintre n\u00e9 le 06 juillet 1961 \u00e0 Bruxelles fils d&#8217;aquareliste Allemand, travaillant en France, 44500 La Baule, et en Belgique Tournai. Avec plus de 35 ann\u00e9es d&#8217;exp\u00e9rience dans le domaine de l&#8217;art et \u00e9tudes des anciens ma\u00eetres, et apr\u00e8s avoir reproduit et suivi la technique de la plupart des grande oeuvres. Je vous pr\u00e9sente ces magnifiques portraits Aristocratiques assimil\u00e9s au caract\u00e8re et \u00e0 l&#8217;aspect physique du chien. Mes d\u00e9buts dans la peinture \u00e9taient plus sp\u00e9cifiquement la peinture \u00ab genre animalier \u00bb et portrait ancien, plus tard je me suis sp\u00e9cialis\u00e9 dans le portrait et la peinture de \u00ab genre \u00bb paysages, fleurs, marines, et reproduction des XVIII\u00e8me et XIX\u00e8me si\u00e8cles en raison d&#8217;une forte demande tel que: P.P.Rubens, Meynier, J.L.David, J.A.D.Ingre, Le Titien, Veronese, Rembrandt, Vermeer, Ludolf Backhuizen, I Aivazovski, Van de Velde, Boldini, John Singer Sargent, en allant vers les impressionnistes,( Van Gogh, Monet, millet, Renoir,) et surr\u00e9aliste tel que Picasso, S.Dali etc&#8230;<\/p>\n<p style=\"text-align: center;\"><span style=\"color: #ff9900;\">Ce qui justifie aussi le d\u00e9lais d&#8217;attente et de livraison est le temps de s\u00e9chage des toiles et des pigments +\/- 3 semaines<\/span><br \/>\n<span style=\"color: #ff9900;\">Mon parcour<\/span><\/p>\n<p style=\"text-align: center;\">Daniel Trammer: Travaille pour une galerie \u00e0 Bruxelles<br \/>\n&#8211; Peintures exclusivement animali\u00e8res<br \/>\n&#8211; Expose \u00e0 Martigny (Suisse)<br \/>\n&#8211; Expose \u00e0 l\u2019H\u00f4tel de Ville de Bruxelles<br \/>\n&#8211; Travaille sous contrat pour le Ch\u00e2teau de Beauval \u00e0 Mons (Belgique) qu\u2019 il va enti\u00e8rement d\u00e9corer (fresques murales, plafonds, dessus de portes, toiles de prestige, trompe l&#8217;oeil, \u00a0 \u00a0 de grandes dimensions)<br \/>\n&#8211; Exposition collective \u00e0; Nivelles (Belqique) sur le th\u00e8me impos\u00e9; du carnaval de Venise (1er prix du public)<br \/>\n&#8211; Parfait son style et ses compositions<br \/>\n&#8211; Ouverture de la galerie D. Trammer promenade du Pouliguen ; (Loire Atlantique)<br \/>\n&#8211; Ouverture de la galerie de La Baule (Loire Atlantique)<br \/>\n&#8211; Je travail essentiellement dans mon atelier en Belgique et oeuvrant sur les commandes de portraits de t\u00eates de chiens et autres demandes&#8230;<\/p>\n<p style=\"text-align: center;\">&#8211; Inscrit dans le dictionnaire des artistes Le Benezit &#8211;<\/p>\n<p style=\"text-align: center;\">&#8211; Inscrit dans le dictionnaire des artistes Le Piron &#8211;<\/p>\n<p style=\"text-align: center;\">&#8211; Inscrit dans le dictionnaire des artistes Drouot Cotation &#8211;<\/p>\n<p>[\/vc_column_text][\/vc_column][\/vc_row][vc_row][vc_column][ultimate_modal modal_title=&#8221;Tarifs peintures&#8221; btn_size=&#8221;block&#8221; btn_text=&#8221;Tarifs peintures&#8221; modal_size=&#8221;medium&#8221; overlay_bg_opacity=&#8221;80&#8243;]<\/p>\n<div class=\"snip1207\">\n<div class=\"plan featured\">\n<h3 class=\"plan-title\">Tarif des Peintures (10\/01\/2018)<\/h3>\n<div class=\"plan-cost\"><\/div>\n<ul class=\"plan-features\">\n<li><i class=\"ion-checkmark\"> <\/i>Possibilit\u00e9 de commander une oeuvre choisie sur le site<\/li>\n<li><i class=\"ion-checkmark\"> <\/i>ou un sujet personnel dans les mesures standard ci-contre<\/li>\n<li><i class=\"ion-checkmark\"> <\/i>Tarifs diff\u00e9rents pour les portraits de chiens demander un devis ci-dessous<\/li>\n<li><i class=\"ion-checkmark\"> <\/i>Cliquez ci-dessous<\/li>\n<\/ul>\n<div class=\"plan-select\"><a href=\"https:\/\/www.artrammer.com\/devis\/\">Demande<\/a><\/div>\n<\/div>\n<div class=\"plan\">\n<h3 class=\"plan-title\"><\/h3>\n<div class=\"plan-cost\"><span class=\"plan-price\">Mesures<\/span><\/div>\n<ul class=\"plan-features\">\n<li><i class=\"ion-checkmark\"> <\/i>50 x 60 Cm<\/li>\n<li><i class=\"ion-checkmark\"> <\/i>50 x 70 Cm<\/li>\n<li><i class=\"ion-checkmark\"> <\/i>60 x 80 Cm<\/li>\n<li><i class=\"ion-checkmark\"> <\/i>70 x 100 Cm<\/li>\n<li><i class=\"ion-checkmark\"> <\/i>80 x 100 Cm<\/li>\n<li><i class=\"ion-checkmark\"> <\/i>Devis<\/li>\n<\/ul>\n<div class=\"plan-select\"><a href=\"https:\/\/www.artrammer.com\/devis\/\">Demande<\/a><\/div>\n<\/div>\n<div class=\"plan\">\n<h3 class=\"plan-title\"><\/h3>\n<div class=\"plan-cost\"><span class=\"plan-price\">Prix \u20ac<\/span><\/div>\n<ul class=\"plan-features\">\n<li><i class=\"ion-checkmark\"> <\/i>1.000 \u20ac<\/li>\n<li><i class=\"ion-checkmark\"> <\/i>1.150 \u20ac<\/li>\n<li><i class=\"ion-checkmark\"> <\/i>1.300 \u20ac<\/li>\n<li><i class=\"ion-checkmark\"> <\/i>1.800 \u20ac<\/li>\n<li><i class=\"ion-checkmark\"> <\/i>2.500 \u20ac<\/li>\n<li><i class=\"ion-checkmark\"> <\/i>Devis \u20ac<\/li>\n<\/ul>\n<div class=\"plan-select\"><a href=\"https:\/\/www.artrammer.com\/devis\/\">Demande<\/a><\/div>\n<\/div>\n<div class=\"plan\">\n<h3 class=\"plan-title\"><\/h3>\n<div class=\"plan-cost\"><span class=\"plan-price\">Price $<\/span><\/div>\n<ul class=\"plan-features\">\n<li><i class=\"ion-checkmark\"> <\/i>1\u00a0183 $<\/li>\n<li><i class=\"ion-checkmark\"> <\/i>1\u00a0361 $<\/li>\n<li><i class=\"ion-checkmark\"> <\/i>1\u00a0538 $<\/li>\n<li><i class=\"ion-checkmark\"> <\/i>2\u00a0130 $<\/li>\n<li><i class=\"ion-checkmark\"> <\/i>2\u00a0959 $<\/li>\n<li><i class=\"ion-checkmark\"> <\/i>Quotes $<\/li>\n<\/ul>\n<div class=\"plan-select\"><a href=\"https:\/\/www.artrammer.com\/devis\/\">Demande<\/a><\/div>\n<\/div>\n<\/div>\n<p>[\/ultimate_modal][\/vc_column][\/vc_row]<\/p>\n<\/div>","protected":false},"excerpt":{"rendered":"<p>Bouquet et violon 70 x 50 cm<\/p>\n<p>Oeuvre originale sign\u00e9e avec sceau de Daniel Trammer<\/p>\n<p><img loading=\"lazy\" decoding=\"async\" class=\"size-full wp-image-16359 alignleft\" src=\"https:\/\/www.artrammer.com\/wp-content\/uploads\/2019\/02\/cachet.png\" alt=\"\" width=\"60\" height=\"54\" \/><\/p>\n","protected":false},"featured_media":208,"comment_status":"open","ping_status":"closed","template":"","meta":{"content-type":""},"product_brand":[],"product_cat":[25],"product_tag":[],"class_list":{"0":"post-99","1":"product","2":"type-product","3":"status-publish","4":"has-post-thumbnail","6":"product_cat-fleurs","8":"first","9":"instock","10":"shipping-taxable","11":"purchasable","12":"product-type-simple"},"_links":{"self":[{"href":"https:\/\/www.luxinarte.com\/index.php?rest_route=\/wp\/v2\/product\/99","targetHints":{"allow":["GET"]}}],"collection":[{"href":"https:\/\/www.luxinarte.com\/index.php?rest_route=\/wp\/v2\/product"}],"about":[{"href":"https:\/\/www.luxinarte.com\/index.php?rest_route=\/wp\/v2\/types\/product"}],"replies":[{"embeddable":true,"href":"https:\/\/www.luxinarte.com\/index.php?rest_route=%2Fwp%2Fv2%2Fcomments&post=99"}],"wp:featuredmedia":[{"embeddable":true,"href":"https:\/\/www.luxinarte.com\/index.php?rest_route=\/wp\/v2\/media\/208"}],"wp:attachment":[{"href":"https:\/\/www.luxinarte.com\/index.php?rest_route=%2Fwp%2Fv2%2Fmedia&parent=99"}],"wp:term":[{"taxonomy":"product_brand","embeddable":true,"href":"https:\/\/www.luxinarte.com\/index.php?rest_route=%2Fwp%2Fv2%2Fproduct_brand&post=99"},{"taxonomy":"product_cat","embeddable":true,"href":"https:\/\/www.luxinarte.com\/index.php?rest_route=%2Fwp%2Fv2%2Fproduct_cat&post=99"},{"taxonomy":"product_tag","embeddable":true,"href":"https:\/\/www.luxinarte.com\/index.php?rest_route=%2Fwp%2Fv2%2Fproduct_tag&post=99"}],"curies":[{"name":"wp","href":"https:\/\/api.w.org\/{rel}","templated":true}]}}